{"id":173,"date":"2017-05-24T12:58:13","date_gmt":"2017-05-24T10:58:13","guid":{"rendered":"http:\/\/kmz-wesermarsch.de\/wp\/?page_id=173"},"modified":"2026-03-09T15:31:36","modified_gmt":"2026-03-09T14:31:36","slug":"impressum","status":"publish","type":"page","link":"https:\/\/kmz-wesermarsch.de\/index.php\/impressum\/","title":{"rendered":"Impressum|Datenschutz"},"content":{"rendered":"<p><strong>Landkreis Wesermarsch (Diensteanbieter im Sinne des Telemediengesetzes) <\/strong><strong>Der Landkreis ist eine juristische Person des \u00f6ffentlichen Rechts vertreten durch<\/strong><\/p>\n<p>Kreismedienzenrum Wesermarsch<\/p>\n<p>Tel. 04401 92 21 54 &#8211; 04731 58 34<br \/>Email: kmz-sued@wesermarsch.de &#8211; kmz-nord@wesermarsch.de<\/p>\n<p>Fachdienstleitung:<br \/><strong>Monika Wessels<\/strong><br \/>Telefon:\u00a0 <a href=\"tel:04401 927-237\">04401 927-237<\/a><br \/>E-Mail:\u00a0 <a href=\"mailto:uwe.ritter@lkbra.de\">monika.wessels@wesermarsch.de<\/a><\/p>\n<p>Der Datenschutzbeauftragte ist:<br \/>Sven Gerstner<br \/>Tel.: 04401 927-340<br \/>E-Mail: sven.gerstner@wesermarsch.de<\/p>\n<p>Redaktion<br \/>NN<br \/>Kreismedienzentren Wesermarsch<\/p>\n<p>Tel. 04401 92 21 54 &#8211; 04731 58 34<br \/>Email: kmz-sued@wesermarsch.de &#8211; kmz-nord@wesermarsch.de<\/p>\n<p>Copyright<br \/>S\u00e4mtliche Rechte an den Inhalten unserer Seiten liegen, soweit nicht anders vermerkt, bei den Kreismedienzentrem Wesermarsch. Jede Verwertung von urheberrechtlich gesch\u00fctzten Inhalten, insbesondere durch Vervielf\u00e4ltigung und Verbreitung auch in elektronischer Form, bedarf der vorherigen schriftlichen Zustimmung der Rechteinhaber. Bitte wenden Sie sich hierzu an die Leitung der Kreismedienzentren Wesermarsch.<\/p>\n<p>Hinweis<br \/>Die Kreismedienzentren Wesermarsch \u00fcbernehmen keine Verantwortung f\u00fcr die Inhalte fremder Angebote. Seiten, auf die wir durch externe Links unmittelbar verweisen, werden von uns vor dem Setzen eines Links sorgf\u00e4ltig ausgew\u00e4hlt. Auf sp\u00e4tere \u00c4nderungen von unmittelbar verlinkten Seiten sowie auf Inhalte nachfolgender Seiten fremder Angebote haben wir jedoch keinen Einfluss. Wir distanzieren uns daher ausdr\u00fccklich von sp\u00e4teren \u00c4nderungen unmittelbar verlinkter Seiten, den Inhalten auf nachfolgenden Seiten sowie deren Anbietern.<\/p>\n<p>Hinweisen an kmz-sued@wesermarsch.de &#8211; kmz-nord@wesermarsch.de auf ver\u00e4nderte Inhalte verlinkter Seiten werden wir selbstverst\u00e4ndlich schnellst m\u00f6glich nachgehen. Namentlich gekennzeichnete Artikel geben nicht unbedingt die Meinung der Kreismedienzentren Wesermarsch wieder.<\/p>\n\n\n<p><\/p>\n","protected":false},"excerpt":{"rendered":"<p>Landkreis Wesermarsch (Diensteanbieter im Sinne des Telemediengesetzes) Der Landkreis ist eine juristische Person des \u00f6ffentlichen Rechts vertreten durch Kreismedienzenrum Wesermarsch Tel. 04401 92 21 54 &#8211; 04731 58 34Email: kmz-sued@wesermarsch.de &#8211; kmz-nord@wesermarsch.de Fachdienstleitung:Monika WesselsTelefon:\u00a0 04401 927-237E-Mail:\u00a0 monika.wessels@wesermarsch.de Der Datenschutzbeauftragte ist:Sven GerstnerTel.: 04401 927-340E-Mail: sven.gerstner@wesermarsch.de RedaktionNNKreismedienzentren Wesermarsch Tel. 04401 92 21 54 &#8211; 04731 58 34Email: &hellip; <a href=\"https:\/\/kmz-wesermarsch.de\/index.php\/impressum\/\" class=\"more-link\">Weiterlesen <span class=\"screen-reader-text\">Impressum|Datenschutz<\/span><\/a><\/p>\n","protected":false},"author":2,"featured_media":0,"parent":0,"menu_order":0,"comment_status":"closed","ping_status":"closed","template":"","meta":{"footnotes":""},"class_list":["post-173","page","type-page","status-publish","hentry","without-featured-image"],"_links":{"self":[{"href":"https:\/\/kmz-wesermarsch.de\/index.php\/wp-json\/wp\/v2\/pages\/173","targetHints":{"allow":["GET"]}}],"collection":[{"href":"https:\/\/kmz-wesermarsch.de\/index.php\/wp-json\/wp\/v2\/pages"}],"about":[{"href":"https:\/\/kmz-wesermarsch.de\/index.php\/wp-json\/wp\/v2\/types\/page"}],"author":[{"embeddable":true,"href":"https:\/\/kmz-wesermarsch.de\/index.php\/wp-json\/wp\/v2\/users\/2"}],"replies":[{"embeddable":true,"href":"https:\/\/kmz-wesermarsch.de\/index.php\/wp-json\/wp\/v2\/comments?post=173"}],"version-history":[{"count":7,"href":"https:\/\/kmz-wesermarsch.de\/index.php\/wp-json\/wp\/v2\/pages\/173\/revisions"}],"predecessor-version":[{"id":2868,"href":"https:\/\/kmz-wesermarsch.de\/index.php\/wp-json\/wp\/v2\/pages\/173\/revisions\/2868"}],"wp:attachment":[{"href":"https:\/\/kmz-wesermarsch.de\/index.php\/wp-json\/wp\/v2\/media?parent=173"}],"curies":[{"name":"wp","href":"https:\/\/api.w.org\/{rel}","templated":true}]}}