{"id":178,"date":"2017-05-31T10:13:05","date_gmt":"2017-05-31T08:13:05","guid":{"rendered":"http:\/\/kmz-wesermarsch.de\/wp\/?page_id=178"},"modified":"2019-04-03T14:29:09","modified_gmt":"2019-04-03T12:29:09","slug":"links","status":"publish","type":"page","link":"https:\/\/kmz-wesermarsch.de\/index.php\/links\/","title":{"rendered":"Links"},"content":{"rendered":"\n<p><a href=\"http:\/\/www.nibis.de\/nibis.php?menid=3447\" target=\"_blank\" rel=\"noopener noreferrer\">Portal Medienbildung:<b>Einstiegsportal zur Medienkompetenz in Niedersachsen.<\/b><\/a><\/p>\n\n\n\n<p><strong><a rel=\"noopener noreferrer\" href=\"https:\/\/wordpress.nibis.de\/rknordwest\/tipps-grundschule\/\" target=\"_blank\"> Unterrichtshilfen f\u00fcr die Grundschule<\/a><\/strong><\/p>\n\n\n\n<p><figure><a href=\"http:\/\/www.nibis.de\/nibis.php?menid=3447\"><img loading=\"lazy\" decoding=\"async\" width=\"200\" height=\"93\" class=\"size-full wp-image-11 alignnone\" src=\"https:\/\/kmz-wesermarsch.de\/wp-content\/uploads\/2016\/09\/medp\u00e4dlogo.jpg\" alt=\"\"><\/a><\/figure><\/p>\n\n\n\n<p><figure><a href=\"http:\/\/www.klicksafe.de\/\"><img loading=\"lazy\" decoding=\"async\" width=\"250\" height=\"84\" class=\"size-full wp-image-269 alignnone\" src=\"https:\/\/kmz-wesermarsch.de\/wp-content\/uploads\/2017\/05\/logo_klicksafe_rgb_250.gif\" alt=\"\"><\/a><\/figure><a rel=\"noopener noreferrer\" href=\"http:\/\/www.klicksafe.de\/\" target=\"_blank\">Sicher durchs Netz<\/a> mit <i>Klicksafe<\/i> und <i>fragfinn.de<\/i><\/p>\n\n\n\n<p><a rel=\"noopener noreferrer\" href=\"http:\/\/www.ipadatschool.de\/\" target=\"_blank\">Info- Tablets im Unterricht<\/a><figure><a rel=\"noopener noreferrer\" href=\"http:\/\/www.ipadatschool.de\/\" target=\"_blank\"><img loading=\"lazy\" decoding=\"async\" width=\"100\" height=\"29\" class=\"wp-image-368 alignleft\" src=\"https:\/\/kmz-wesermarsch.de\/wp-content\/uploads\/2017\/05\/A6041A24-9949-49AC-98FD-CAA719798389-300x89.jpeg\" alt=\"\"><\/a><\/figure>\u00a0\u00a0Auf dieser Webseite findest du viele Informationen f\u00fcr Lehrer rund um das iPad im schulischen Einsatz.<\/p>\n\n\n\n<p>Ein guter \u00dcberblick mit konkreten Beispielen f\u00fcr den Unterricht vom bayrischen Rundfunk.<\/p>\n\n\n\n<div class=\"wp-block-media-text alignwide\"><figure class=\"wp-block-media-text__media\"><img decoding=\"async\" src=\"http:\/\/wordpress.nibis.de\/rknordwest\/files\/br-300x210.jpg\" alt=\"\" class=\"wp-image-634\"\/><\/figure><div class=\"wp-block-media-text__content\">\n<h4 class=\"wp-block-heading\"><a rel=\"noreferrer noopener\" href=\"http:\/\/www.br.de\/sogehtmedien\/sogehtmedien-fuer-den-unterricht-100.html\" target=\"_blank\">So geht Medien f\u00fcr den Unter<\/a>richt <\/h4>\n<\/div><\/div>\n\n\n\n<p><strong><big><a rel=\"noreferrer noopener\" aria-label=\"Materialien zur digitalen Bildung (\u00f6ffnet in neuem Tab)\" href=\"https:\/\/www.code-your-life.org\/\" target=\"_blank\">Materialien zur digitalen Bildung<\/a><\/big><\/strong><\/p>\n\n\n\n<p>Vom Internetversteher bis zu Materialien f\u00fcr Scratch und Calliope zum kostenlosen Download bei <a href=\"https:\/\/portal.wissensfabrik.de\/portal\/fep\/de\/dt.jsp?setCursor=1_554644\" target=\"_blank\" rel=\"noopener\">wissensfabrik-it2school<\/a><\/p>\n","protected":false},"excerpt":{"rendered":"<p>Portal Medienbildung:Einstiegsportal zur Medienkompetenz in Niedersachsen. Unterrichtshilfen f\u00fcr die Grundschule Sicher durchs Netz mit Klicksafe und fragfinn.de Info- Tablets im Unterricht \u00a0\u00a0Auf dieser Webseite findest du viele Informationen f\u00fcr Lehrer rund um das iPad im schulischen Einsatz. Ein guter \u00dcberblick mit konkreten Beispielen f\u00fcr den Unterricht vom bayrischen Rundfunk. So geht Medien f\u00fcr den Unterricht &hellip; <a href=\"https:\/\/kmz-wesermarsch.de\/index.php\/links\/\" class=\"more-link\">Weiterlesen <span class=\"screen-reader-text\">Links<\/span><\/a><\/p>\n","protected":false},"author":2,"featured_media":0,"parent":0,"menu_order":0,"comment_status":"closed","ping_status":"closed","template":"","meta":{"footnotes":""},"class_list":["post-178","page","type-page","status-publish","hentry","without-featured-image"],"_links":{"self":[{"href":"https:\/\/kmz-wesermarsch.de\/index.php\/wp-json\/wp\/v2\/pages\/178","targetHints":{"allow":["GET"]}}],"collection":[{"href":"https:\/\/kmz-wesermarsch.de\/index.php\/wp-json\/wp\/v2\/pages"}],"about":[{"href":"https:\/\/kmz-wesermarsch.de\/index.php\/wp-json\/wp\/v2\/types\/page"}],"author":[{"embeddable":true,"href":"https:\/\/kmz-wesermarsch.de\/index.php\/wp-json\/wp\/v2\/users\/2"}],"replies":[{"embeddable":true,"href":"https:\/\/kmz-wesermarsch.de\/index.php\/wp-json\/wp\/v2\/comments?post=178"}],"version-history":[{"count":17,"href":"https:\/\/kmz-wesermarsch.de\/index.php\/wp-json\/wp\/v2\/pages\/178\/revisions"}],"predecessor-version":[{"id":497,"href":"https:\/\/kmz-wesermarsch.de\/index.php\/wp-json\/wp\/v2\/pages\/178\/revisions\/497"}],"wp:attachment":[{"href":"https:\/\/kmz-wesermarsch.de\/index.php\/wp-json\/wp\/v2\/media?parent=178"}],"curies":[{"name":"wp","href":"https:\/\/api.w.org\/{rel}","templated":true}]}}