{"id":2835,"date":"2026-03-09T12:51:17","date_gmt":"2026-03-09T11:51:17","guid":{"rendered":"https:\/\/kmz-wesermarsch.de\/?page_id=2835"},"modified":"2026-03-09T13:54:16","modified_gmt":"2026-03-09T12:54:16","slug":"beratungsangebote","status":"publish","type":"page","link":"https:\/\/kmz-wesermarsch.de\/index.php\/beratungsangebote\/","title":{"rendered":"Aktuelles zu &#8222;telli.schule&#8220;"},"content":{"rendered":"\n<p class=\"has-large-font-size\">Informationen zu telli.schule<\/p>\n\n\n\n<p>Liebe Lehrkr\u00e4fte,<\/p>\n\n\n\n<p>die K\u00fcnstliche Intelligenz h\u00e4lt zunehmend&nbsp;Einzug in unsere Schulen und bietet vielf\u00e4ltige M\u00f6glichkeiten f\u00fcr die Unterrichtsgestaltung und Entlastung im Schulalltag. Das Team vom Kreismedienzentrum Wesermarsch m\u00f6chten Sie heute \u00fcber den offiziellen Zugang zur nieders\u00e4chsischen Schul-KI&nbsp;<strong>\u201eTelli\u201c<\/strong>&nbsp;sowie \u00fcber begleitende Qualifizierungsangebote informieren:<\/p>\n\n\n\n<p><strong>1. Zugang zu Telli<\/strong><\/p>\n\n\n\n<p>Das Land Niedersachsen stellt mit \u201eTelli\u201c eine datenschutzkonforme KI-L\u00f6sung f\u00fcr Lehrkr\u00e4fte zur Verf\u00fcgung. Im Anhang dieser E-Mail finden Sie eine detaillierte&nbsp;<strong>PDF-Anleitung<\/strong>, die den Registrierungs- und Anmeldeprozess Schritt f\u00fcr Schritt beschreibt. Bitte leiten Sie diese Informationen in Ihrem Kollegium weiter.<\/p>\n\n\n\n<p><strong>2. Grundlagen lernen \u00fcber OpenElec<\/strong><\/p>\n\n\n\n<p>F\u00fcr Lehrkr\u00e4fte, die sich grundlegend mit dem Thema K\u00fcnstliche Intelligenz vertraut machen m\u00f6chten, bietet die Plattform OpenElec einen strukturierten Kurs an. Unter dem folgenden Link k\u00f6nnen Sie zeitunabh\u00e4ngig und ohne Kosten Basiswissen erwerben:<\/p>\n\n\n\n<p><a href=\"https:\/\/openelec.moodle-nds.de\/course\/view.php?id=162&amp;section=0\">https:\/\/openelec.moodle-nds.de\/course\/view.php?id=162&amp;section=0<\/a><\/p>\n\n\n\n<p><strong>3. Online-Workshops am 17.06.2026<\/strong><\/p>\n\n\n\n<p>Sie sind herzlich eingeladen, am&nbsp;<strong>17. Juni<\/strong>&nbsp;an Online-Workshops beim Online-Fortbildungsformat &#8218;Vision Schule\u2018&nbsp;zu aktuellen Themen teilzunehmen. Die Buchung erfolgt \u00fcber das NLQ-Portal ist&nbsp;voraussichtlich&nbsp;ab dem 13.04.2026 m\u00f6glich unter:<\/p>\n\n\n\n<figure class=\"wp-block-embed is-type-wp-embed is-provider-vision-schule wp-block-embed-vision-schule\"><div class=\"wp-block-embed__wrapper\">\n<blockquote class=\"wp-embedded-content\" data-secret=\"Yctf1WnZY5\"><a href=\"https:\/\/visionschule.medienberatung.online\/\">VISION SCHULE<\/a><\/blockquote><iframe loading=\"lazy\" class=\"wp-embedded-content\" sandbox=\"allow-scripts\" security=\"restricted\" style=\"position: absolute; visibility: hidden;\" title=\"&#8222;VISION SCHULE&#8220; &#8211; VISION SCHULE\" src=\"https:\/\/visionschule.medienberatung.online\/embed\/#?secret=U05a5FfY1m#?secret=Yctf1WnZY5\" data-secret=\"Yctf1WnZY5\" width=\"600\" height=\"338\" frameborder=\"0\" marginwidth=\"0\" marginheight=\"0\" scrolling=\"no\"><\/iframe>\n<\/div><\/figure>\n\n\n\n<p><strong>4. Ausblick: Weitere Angebote nach den Osterferien<\/strong><\/p>\n\n\n\n<p>Nach den Osterferien werden wir seitens der Medienberatung in der Region Nordwest weitere spezifische Informationen sowie gezielte Schulungsangebote zu \u201eTelli\u201c ver\u00f6ffentlichen. Wir halten Sie hierzu auf dem Laufenden.<\/p>\n\n\n\n<p><strong><u>5. Allgemeine weiterf\u00fchrende Informationen rund im das Thema KI gibt es auch unter:<\/u><\/strong><\/p>\n\n\n\n<p><a href=\"https:\/\/bildungsportal-niedersachsen.de\/digitale-welt\/kuenstliche-intelligenz-ki\">https:\/\/bildungsportal-niedersachsen.de\/digitale-welt\/kuenstliche-intelligenz-ki<\/a><\/p>\n\n\n\n<p>F\u00fcr R\u00fcckfragen stehen wir Ihnen gerne zur Verf\u00fcgung.<\/p>\n\n\n\n<p>Mit freundlichen Gr\u00fc\u00dfen<\/p>\n\n\n\n<p>Ihr Team der Medienberatung<\/p>\n\n\n\n<figure class=\"wp-block-image size-full is-resized\"><img loading=\"lazy\" decoding=\"async\" width=\"1190\" height=\"1683\" src=\"https:\/\/kmz-wesermarsch.de\/wp-content\/uploads\/2026\/03\/Informationen_zu_Telli.Schulen-1.jpg\" alt=\"\" class=\"wp-image-2839\" style=\"width:724px;height:auto\" srcset=\"https:\/\/kmz-wesermarsch.de\/wp-content\/uploads\/2026\/03\/Informationen_zu_Telli.Schulen-1.jpg 1190w, https:\/\/kmz-wesermarsch.de\/wp-content\/uploads\/2026\/03\/Informationen_zu_Telli.Schulen-1-212x300.jpg 212w, https:\/\/kmz-wesermarsch.de\/wp-content\/uploads\/2026\/03\/Informationen_zu_Telli.Schulen-1-724x1024.jpg 724w, https:\/\/kmz-wesermarsch.de\/wp-content\/uploads\/2026\/03\/Informationen_zu_Telli.Schulen-1-768x1086.jpg 768w, https:\/\/kmz-wesermarsch.de\/wp-content\/uploads\/2026\/03\/Informationen_zu_Telli.Schulen-1-1086x1536.jpg 1086w, https:\/\/kmz-wesermarsch.de\/wp-content\/uploads\/2026\/03\/Informationen_zu_Telli.Schulen-1-269x380.jpg 269w\" sizes=\"auto, (max-width: 1190px) 100vw, 1190px\" \/><\/figure>\n\n\n\n<figure class=\"wp-block-image size-large\"><img loading=\"lazy\" decoding=\"async\" width=\"724\" height=\"1024\" src=\"https:\/\/kmz-wesermarsch.de\/wp-content\/uploads\/2026\/03\/Informationen_zu_Telli.Schulen-2-724x1024.jpg\" alt=\"\" class=\"wp-image-2840\" srcset=\"https:\/\/kmz-wesermarsch.de\/wp-content\/uploads\/2026\/03\/Informationen_zu_Telli.Schulen-2-724x1024.jpg 724w, https:\/\/kmz-wesermarsch.de\/wp-content\/uploads\/2026\/03\/Informationen_zu_Telli.Schulen-2-212x300.jpg 212w, https:\/\/kmz-wesermarsch.de\/wp-content\/uploads\/2026\/03\/Informationen_zu_Telli.Schulen-2-768x1086.jpg 768w, https:\/\/kmz-wesermarsch.de\/wp-content\/uploads\/2026\/03\/Informationen_zu_Telli.Schulen-2-1086x1536.jpg 1086w, https:\/\/kmz-wesermarsch.de\/wp-content\/uploads\/2026\/03\/Informationen_zu_Telli.Schulen-2-269x380.jpg 269w, https:\/\/kmz-wesermarsch.de\/wp-content\/uploads\/2026\/03\/Informationen_zu_Telli.Schulen-2.jpg 1190w\" sizes=\"auto, (max-width: 724px) 100vw, 724px\" \/><\/figure>\n\n\n\n<figure class=\"wp-block-image size-large\"><img loading=\"lazy\" decoding=\"async\" width=\"724\" height=\"1024\" src=\"https:\/\/kmz-wesermarsch.de\/wp-content\/uploads\/2026\/03\/Informationen_zu_Telli.Schulen-3-724x1024.jpg\" alt=\"\" class=\"wp-image-2841\" srcset=\"https:\/\/kmz-wesermarsch.de\/wp-content\/uploads\/2026\/03\/Informationen_zu_Telli.Schulen-3-724x1024.jpg 724w, https:\/\/kmz-wesermarsch.de\/wp-content\/uploads\/2026\/03\/Informationen_zu_Telli.Schulen-3-212x300.jpg 212w, https:\/\/kmz-wesermarsch.de\/wp-content\/uploads\/2026\/03\/Informationen_zu_Telli.Schulen-3-768x1086.jpg 768w, https:\/\/kmz-wesermarsch.de\/wp-content\/uploads\/2026\/03\/Informationen_zu_Telli.Schulen-3-1086x1536.jpg 1086w, https:\/\/kmz-wesermarsch.de\/wp-content\/uploads\/2026\/03\/Informationen_zu_Telli.Schulen-3-269x380.jpg 269w, https:\/\/kmz-wesermarsch.de\/wp-content\/uploads\/2026\/03\/Informationen_zu_Telli.Schulen-3.jpg 1190w\" sizes=\"auto, (max-width: 724px) 100vw, 724px\" \/><\/figure>\n","protected":false},"excerpt":{"rendered":"<p>Informationen zu telli.schule Liebe Lehrkr\u00e4fte, die K\u00fcnstliche Intelligenz h\u00e4lt zunehmend&nbsp;Einzug in unsere Schulen und bietet vielf\u00e4ltige M\u00f6glichkeiten f\u00fcr die Unterrichtsgestaltung und Entlastung im Schulalltag. Das Team vom Kreismedienzentrum Wesermarsch m\u00f6chten Sie heute \u00fcber den offiziellen Zugang zur nieders\u00e4chsischen Schul-KI&nbsp;\u201eTelli\u201c&nbsp;sowie \u00fcber begleitende Qualifizierungsangebote informieren: 1. Zugang zu Telli Das Land Niedersachsen stellt mit \u201eTelli\u201c eine datenschutzkonforme &hellip; <a href=\"https:\/\/kmz-wesermarsch.de\/index.php\/beratungsangebote\/\" class=\"more-link\">Weiterlesen <span class=\"screen-reader-text\">Aktuelles zu &#8222;telli.schule&#8220;<\/span><\/a><\/p>\n","protected":false},"author":3,"featured_media":0,"parent":0,"menu_order":0,"comment_status":"closed","ping_status":"closed","template":"","meta":{"footnotes":""},"class_list":["post-2835","page","type-page","status-publish","hentry","without-featured-image"],"_links":{"self":[{"href":"https:\/\/kmz-wesermarsch.de\/index.php\/wp-json\/wp\/v2\/pages\/2835","targetHints":{"allow":["GET"]}}],"collection":[{"href":"https:\/\/kmz-wesermarsch.de\/index.php\/wp-json\/wp\/v2\/pages"}],"about":[{"href":"https:\/\/kmz-wesermarsch.de\/index.php\/wp-json\/wp\/v2\/types\/page"}],"author":[{"embeddable":true,"href":"https:\/\/kmz-wesermarsch.de\/index.php\/wp-json\/wp\/v2\/users\/3"}],"replies":[{"embeddable":true,"href":"https:\/\/kmz-wesermarsch.de\/index.php\/wp-json\/wp\/v2\/comments?post=2835"}],"version-history":[{"count":3,"href":"https:\/\/kmz-wesermarsch.de\/index.php\/wp-json\/wp\/v2\/pages\/2835\/revisions"}],"predecessor-version":[{"id":2852,"href":"https:\/\/kmz-wesermarsch.de\/index.php\/wp-json\/wp\/v2\/pages\/2835\/revisions\/2852"}],"wp:attachment":[{"href":"https:\/\/kmz-wesermarsch.de\/index.php\/wp-json\/wp\/v2\/media?parent=2835"}],"curies":[{"name":"wp","href":"https:\/\/api.w.org\/{rel}","templated":true}]}}