{"id":31,"date":"2017-05-10T12:01:46","date_gmt":"2017-05-10T10:01:46","guid":{"rendered":"http:\/\/kmz-wesermarsch.de\/wp\/?page_id=31"},"modified":"2026-03-09T14:14:35","modified_gmt":"2026-03-09T13:14:35","slug":"geraeteverleih","status":"publish","type":"page","link":"https:\/\/kmz-wesermarsch.de\/index.php\/geraeteverleih\/","title":{"rendered":"Ger\u00e4teverleih"},"content":{"rendered":"<p><strong>In unserem kostenlosen Verleih finden Sie diverse technische Ger\u00e4te und <\/strong><strong>Materialkisten f\u00fcr den Unterricht:<\/strong><\/p>\n<p>-Avatar-Roboter, damit langzeiterkrankte Sch\u00fclerinnen und Sch\u00fcler weiterhin am Unterrichtsalltag teilnehmen k\u00f6nnen <a href=\"https:\/\/kmz-wesermarsch.de\/wp-content\/uploads\/2023\/06\/Avatar-AV2-1-und-AV2-2-InvNr.-8600504-und-8600505.pdf\">Avatar AV2-1 und AV2-2, InvNr. 8600504 und 8600505<\/a><\/p>\n<p>-leistungsstarke Bluetooth-Lautsprecher f\u00fcr Veranstaltungen im Innen- und Au\u00dfenbereich <a href=\"https:\/\/kmz-wesermarsch.de\/wp-content\/uploads\/2024\/02\/LS12-1-Inv-Nr.-8600516-und-LS12-2-Inv-Nr.-8600517.pdf\">LS12-1, Inv-Nr. 8600516 und LS12-2, Inv-Nr. 8600517<\/a>;\u00a0 <a href=\"https:\/\/kmz-wesermarsch.de\/wp-content\/uploads\/2023\/06\/LS13-1-und-2-InvNr.-8600518-und-8600519.pdf\">LS13-1 und -2, InvNr. 8600518 und 8600519, \u00a0\u00a0 <\/a><a href=\"https:\/\/kmz-wesermarsch.de\/wp-content\/uploads\/2023\/06\/LS14-1-und-LS14-2-InvNr.-8600520-und-8600521.pdf\">LS14-1 und LS14-2, InvNr. 8600520 und 8600521, <\/a><a href=\"https:\/\/kmz-wesermarsch.de\/wp-content\/uploads\/2023\/09\/LS15-1-und-LS15-2-Sony-BT-Lautsprecherboxen-SRS-XE200.pdf\">LS15-1 und LS15-2, Sony BT-Lautsprecherboxen SRS-XE200, <\/a><a href=\"https:\/\/kmz-wesermarsch.de\/wp-content\/uploads\/2023\/09\/LS16-1-Inv.-Nr.-8600537-und-LS16-2-Inv-Nr.-8600538.pdf\">LS16-1, Inv.-Nr. 8600537 und LS16-2, Inv-Nr. 8600538<\/a><\/p>\n<p>&#8211; Tablet &#8211; Koffer mit iPads und Zubeh\u00f6r <a href=\"https:\/\/kmz-wesermarsch.de\/wp-content\/uploads\/2021\/04\/UAP-AC-Pro-und-PoE-A-3x.pdf\">UAP-AC-Pro und PoE-A-3x,\u00a0 <\/a><a href=\"https:\/\/kmz-wesermarsch.de\/wp-content\/uploads\/2021\/04\/Receiver-InvNr.-8600433.pdf\">Receiver, InvNr. 8600433,\u00a0 <\/a><a href=\"https:\/\/kmz-wesermarsch.de\/wp-content\/uploads\/2021\/04\/iPad-Koffer.pdf\">iPad-Koffer<\/a><\/p>\n<p>&#8211; iPads mit f\u00fcr den Unterricht vorinstallierten Apps\u00a0 <a href=\"https:\/\/kmz-wesermarsch.de\/wp-content\/uploads\/2021\/04\/Appvorschl\u00e4ge-Grundschulen.pdf\">Appvorschl\u00e4ge Grundschulen; <\/a><a href=\"https:\/\/kmz-wesermarsch.de\/wp-content\/uploads\/2024\/02\/iPad-Koffer.pdf\">iPad-Koffer<\/a><\/p>\n<p>&#8211; PA-Equipment wie Lautsprecherboxen, Mischpult <a href=\"https:\/\/kmz-wesermarsch.de\/wp-content\/uploads\/2021\/04\/LS9.1-und-LS9.2-InvNr.-8600254-und-8600255.pdf\">LS9.1 und LS9.2, InvNr. 8600254 und 8600255<\/a> <a href=\"https:\/\/kmz-wesermarsch.de\/wp-content\/uploads\/2021\/04\/LS8-InvNr.-8506008.pdf\">LS8 InvNr. 8506008<\/a> \u00a0 <a href=\"https:\/\/kmz-wesermarsch.de\/wp-content\/uploads\/2021\/04\/MP2-InvNr.-8560005.pdf\">MP2, InvNr. 8560005<\/a> <a href=\"https:\/\/kmz-wesermarsch.de\/wp-content\/uploads\/2021\/04\/MP1-InvNr.-8503004.pdf\">MP1, InvNr. 8503004; <\/a><a href=\"https:\/\/kmz-wesermarsch.de\/wp-content\/uploads\/2024\/02\/Teufel-Lautsprecherboxen-auf-Rollen-LS16-1-und-LS16-2.pdf\">Teufel- Lautsprecherboxen auf Rollen, LS16-1 und LS16-2<\/a>; <a href=\"https:\/\/kmz-wesermarsch.de\/wp-content\/uploads\/2024\/02\/LS16-1-Inv.-Nr.-8600537-und-LS16-2-Inv-Nr.-8600538.pdf\">LS16-1, Inv.-Nr. 8600537 und LS16-2, Inv-Nr. 8600538<\/a><\/p>\n<p>&#8211; \u00dcbertragungsanlagen mit Mikrofonen <a href=\"https:\/\/kmz-wesermarsch.de\/wp-content\/uploads\/2021\/04\/\u00dcA5-und-\u00dcA6-InvNr.-8600251-und-8600252.pdf\">\u00dcA5 und \u00dcA6, InvNr. 8600251 und 8600252<\/a>,\u00a0 <a href=\"https:\/\/kmz-wesermarsch.de\/wp-content\/uploads\/2021\/04\/\u00dcA4-InvNr.-8600076.pdf\">\u00dcA4, InvNr. 8600076,\u00a0<\/a> <a href=\"https:\/\/kmz-wesermarsch.de\/wp-content\/uploads\/2021\/04\/\u00dcA3-InvNr.-8600061.pdf\">\u00dcA3 InvNr. 8600061<\/a>,\u00a0 <a href=\"https:\/\/kmz-wesermarsch.de\/wp-content\/uploads\/2021\/04\/\u00dcA2-InvNr.-8600030.pdf\">\u00dcA2 InvNr. 8600030;<\/a> <a href=\"https:\/\/kmz-wesermarsch.de\/wp-content\/uploads\/2024\/02\/LS16-1-Inv.-Nr.-8600537-und-LS16-2-Inv-Nr.-8600538.pdf\">LS16-1, Inv.-Nr. 8600537 und LS16-2, Inv-Nr. 8600538<\/a>;<\/p>\n<p>&#8211; 7 Headset &#8211; Mikrofone und 1 Funkmikrofon als drahtlose Funkmikrofon-anlage \u00a0 \u00a0<a href=\"https:\/\/kmz-wesermarsch.de\/wp-content\/uploads\/2021\/04\/Mikro8-InvNr.-8600220.pdf\">Mikro8, InvNr. 8600220,<\/a> \u00a0 <a href=\"https:\/\/kmz-wesermarsch.de\/wp-content\/uploads\/2021\/04\/Mikro5-InvNr.-8560006.pdf\">Mikro5, InvNr. 8560006,<\/a> \u00a0 <a href=\"https:\/\/kmz-wesermarsch.de\/wp-content\/uploads\/2021\/04\/Mikro4-InvNr.-8560004.pdf\">Mikro4, InvNr. 8560004<\/a>, \u00a0<a href=\"https:\/\/kmz-wesermarsch.de\/wp-content\/uploads\/2021\/04\/Mikro-GS1-5-InvNr.-86000014-8600018.pdf\">Mikro GS1-5, InvNr. 86000014-8600018,<\/a><\/p>\n<p>&#8211; 4 Zoom H2 Handy-recorder (f\u00fcr digitale Audioaufnahmen ) Hervorragend geeignet f\u00fcr: Interviews, Chor- und Instrumentalaufnahmen, Fremdsprachenunterricht, e.t.c.\u00a0 <a href=\"https:\/\/kmz-wesermarsch.de\/wp-content\/uploads\/2021\/04\/PVC2-und-PVC3-InvNr.-8600026-und-8600027.pdf\">PVC2 und PVC3, InvNr. 8600026 und 8600027<\/a> <a href=\"https:\/\/kmz-wesermarsch.de\/wp-content\/uploads\/2021\/04\/PVC1-InvNr.-8600025.pdf\">PVC1, InvNr. 8600025<\/a><\/p>\n<p>&#8211;\u00a0Geocaching f\u00fcr die ganze Klasse. Wir bieten 8 Dakota 10 Navigationsger\u00e4te<\/p>\n<p>&#8211; Beamer und Leinw\u00e4nde\u00a0 \u00a0 \u00a0<a href=\"https:\/\/kmz-wesermarsch.de\/wp-content\/uploads\/2024\/02\/VP15-Epson-Beamer-Inv-Nr.-8600522.pdf\">VP15, Epson Beamer, Inv-Nr. 8600522<\/a>; \u00a0 <a href=\"https:\/\/kmz-wesermarsch.de\/wp-content\/uploads\/2021\/04\/VP10-InvNr.-8600069.pdf\">VP10, InvNr. 8600069<\/a>, <a href=\"https:\/\/kmz-wesermarsch.de\/wp-content\/uploads\/2021\/04\/VP12-InvNr.-8600181.pdf\">VP12, InvNr. 8600181<\/a> <a href=\"https:\/\/kmz-wesermarsch.de\/wp-content\/uploads\/2021\/04\/VP13-InvNr.-8600022.pdf\">VP13, InvNr. 8600022<\/a> <a href=\"https:\/\/kmz-wesermarsch.de\/wp-content\/uploads\/2021\/04\/VR1-InvNr.-8502001.pdf\">VR1, InvNr. 8502001,\u00a0\u00a0<\/a><\/p>\n<p>&#8211; DJI-Pocket2-Actionkamera, digitale Camcorder, Go Pro Hero, 5 besonders handliche, digitale Kompaktkameras mit 8x-Weitwinkel-Zoom <a href=\"https:\/\/kmz-wesermarsch.de\/wp-content\/uploads\/2025\/02\/DJI-DJI-Pocket2-Inv-Nr.-8600542.pdf\">DJI, DJI Pocket2, Inv-Nr. 8600542<\/a> <a href=\"https:\/\/kmz-wesermarsch.de\/wp-content\/uploads\/2021\/04\/CC6-InvNr.-8600020.pdf\">CC6, InvNr. 8600020\u00a0 <\/a><a href=\"https:\/\/kmz-wesermarsch.de\/wp-content\/uploads\/2021\/04\/DVD3-InvNr.-8600028.pdf\">DVD3, InvNr. 8600028<\/a><a href=\"https:\/\/kmz-wesermarsch.de\/wp-content\/uploads\/2021\/04\/DVD1-InvNr.-8600004.pdf\">DVD1, InvNr. 8600004\u00a0 <\/a><a href=\"https:\/\/kmz-wesermarsch.de\/wp-content\/uploads\/2021\/04\/Foto3-bis-Foto6-InvNr.-8600040-bis-8600043.pdf\">Foto3 bis Foto6, InvNr. 8600040 bis 8600043<\/a><a href=\"https:\/\/kmz-wesermarsch.de\/wp-content\/uploads\/2021\/04\/Foto2-InvNr.-8580002.pdf\">Foto2, InvNr. 8580002<\/a><\/p>\n<p>&#8211; Die Hebelkiste, eine Materialkiste f\u00fcr den Sachunterricht<a href=\"https:\/\/kmz-wesermarsch.de\/wp-content\/uploads\/2021\/04\/Werbetext-Hebelkiste-1.pdf\">\u00a0 Die Hebelkiste<\/a><\/p>\n<p>&#8211; Die Wasserkiste, eine Materialkiste zur Gew\u00e4ssererkundung <a href=\"https:\/\/kmz-wesermarsch.de\/wp-content\/uploads\/2023\/06\/Bildungskiste-Wasser.pdf\">Bildungskiste Wasser,\u00a0 <\/a><a href=\"https:\/\/kmz-wesermarsch.de\/wp-content\/uploads\/2023\/06\/Bildungsmedien-Forschen-und-Experimentieren-Erlebniskoffer-Fliessgewaesser.pdf\">Bildungsmedien Forschen und Experimentieren, Erlebniskoffer Flie\u00dfgew\u00e4sser<\/a><\/p>\n<p>&#8211;\u00a0 Easi-Metalldetektor, 4 St\u00fcck, motiviert zum Entdecken <a href=\"https:\/\/kmz-wesermarsch.de\/wp-content\/uploads\/2023\/09\/Easi-Metalldetektor-4-St.-Verleih-Nr.-DET4-1.pdf\">Easi-Metalldetektor, 4 St., Verleih-Nr. DET4-1<\/a><\/p>\n\n\n\n\n<p><\/p>\n\n\n\n<p class=\"has-small-font-size\"><em>Leider stehen nicht von allen Ger\u00e4ten Bilddateien zur Verf\u00fcgung. Bei Bedarf nehmen Sie bitte mit uns Kontakt auf.<\/em><\/p>\n\n\n\n<p><\/p>\n","protected":false},"excerpt":{"rendered":"<p>In unserem kostenlosen Verleih finden Sie diverse technische Ger\u00e4te und Materialkisten f\u00fcr den Unterricht: -Avatar-Roboter, damit langzeiterkrankte Sch\u00fclerinnen und Sch\u00fcler weiterhin am Unterrichtsalltag teilnehmen k\u00f6nnen Avatar AV2-1 und AV2-2, InvNr. 8600504 und 8600505 -leistungsstarke Bluetooth-Lautsprecher f\u00fcr Veranstaltungen im Innen- und Au\u00dfenbereich LS12-1, Inv-Nr. 8600516 und LS12-2, Inv-Nr. 8600517;\u00a0 LS13-1 und -2, InvNr. 8600518 und 8600519, &hellip; <a href=\"https:\/\/kmz-wesermarsch.de\/index.php\/geraeteverleih\/\" class=\"more-link\">Weiterlesen <span class=\"screen-reader-text\">Ger\u00e4teverleih<\/span><\/a><\/p>\n","protected":false},"author":2,"featured_media":0,"parent":0,"menu_order":0,"comment_status":"closed","ping_status":"closed","template":"","meta":{"footnotes":""},"class_list":["post-31","page","type-page","status-publish","hentry","without-featured-image"],"_links":{"self":[{"href":"https:\/\/kmz-wesermarsch.de\/index.php\/wp-json\/wp\/v2\/pages\/31","targetHints":{"allow":["GET"]}}],"collection":[{"href":"https:\/\/kmz-wesermarsch.de\/index.php\/wp-json\/wp\/v2\/pages"}],"about":[{"href":"https:\/\/kmz-wesermarsch.de\/index.php\/wp-json\/wp\/v2\/types\/page"}],"author":[{"embeddable":true,"href":"https:\/\/kmz-wesermarsch.de\/index.php\/wp-json\/wp\/v2\/users\/2"}],"replies":[{"embeddable":true,"href":"https:\/\/kmz-wesermarsch.de\/index.php\/wp-json\/wp\/v2\/comments?post=31"}],"version-history":[{"count":77,"href":"https:\/\/kmz-wesermarsch.de\/index.php\/wp-json\/wp\/v2\/pages\/31\/revisions"}],"predecessor-version":[{"id":2855,"href":"https:\/\/kmz-wesermarsch.de\/index.php\/wp-json\/wp\/v2\/pages\/31\/revisions\/2855"}],"wp:attachment":[{"href":"https:\/\/kmz-wesermarsch.de\/index.php\/wp-json\/wp\/v2\/media?parent=31"}],"curies":[{"name":"wp","href":"https:\/\/api.w.org\/{rel}","templated":true}]}}