{"id":328,"date":"2018-04-25T16:25:52","date_gmt":"2018-04-25T14:25:52","guid":{"rendered":"http:\/\/kmz-wesermarsch.de\/?page_id=328"},"modified":"2020-09-23T14:37:49","modified_gmt":"2020-09-23T12:37:49","slug":"lernpfade-sicherheit-im-netz-systemloesungen","status":"publish","type":"page","link":"https:\/\/kmz-wesermarsch.de\/index.php\/lernpfade-sicherheit-im-netz-systemloesungen\/","title":{"rendered":"Lernpfade-Sicherheit im Netz-Systeml\u00f6sungen"},"content":{"rendered":"<p class=\"vspace\"><img loading=\"lazy\" decoding=\"async\" class=\"alignnone size-medium wp-image-329\" src=\"https:\/\/kmz-wesermarsch.de\/wp-content\/uploads\/2018\/04\/ipad5-300x195.jpg\" alt=\"\" width=\"300\" height=\"195\" srcset=\"https:\/\/kmz-wesermarsch.de\/wp-content\/uploads\/2018\/04\/ipad5-300x195.jpg 300w, https:\/\/kmz-wesermarsch.de\/wp-content\/uploads\/2018\/04\/ipad5-768x500.jpg 768w, https:\/\/kmz-wesermarsch.de\/wp-content\/uploads\/2018\/04\/ipad5-1024x667.jpg 1024w, https:\/\/kmz-wesermarsch.de\/wp-content\/uploads\/2018\/04\/ipad5.jpg 1290w\" sizes=\"auto, (max-width: 300px) 100vw, 300px\" \/><\/p>\n<p class=\"vspace\"><strong><big>Lernpfade &#8211; Webquest &#8211; Interessantes<\/big><\/strong><br \/>\nKleine Linkliste mit Lernpfaden , Webquests und anderen interessanten Seiten f\u00fcr die Grundschule<\/p>\n<ul>\n<li style=\"list-style-type: none;\">\n<ul>\n<li style=\"list-style-type: none;\">\n<ul>\n<li style=\"list-style-type: none;\">\n<ul>\n<li style=\"list-style-type: none;\">\n<ul>\n<li style=\"list-style-type: none;\">\n<ul>\n<li><strong>f\u00e4cher\u00fcbergreifend<\/strong>:<br \/>\n<a class=\"urllink\" href=\"http:\/\/lernarchiv.bildung.hessen.de\/grundschule\/\" target=\"_blank\" rel=\"nofollow noopener noreferrer\">http:\/\/lernarchiv.bildung.hessen.de\/grundschule\/<\/a><\/li>\n<li><strong>Deutsch<\/strong>:<br \/>\n<a class=\"urllink\" href=\"http:\/\/mauswiesel.bildung.hessen.de\/deutsch\/index.html\" target=\"_blank\" rel=\"nofollow noopener noreferrer\">http:\/\/mauswiesel.bildung.hessen.de\/deutsch\/index.html<\/a><br \/>\n<a class=\"urllink\" href=\"http:\/\/www.tipp10.de\/index.php\" target=\"_blank\" rel=\"nofollow noopener noreferrer\">http:\/\/www.tipp10.de\/index.php<\/a><br \/>\n<a class=\"urllink\" href=\"http:\/\/www.schlag-auf-schau-nach.de\" target=\"_blank\" rel=\"nofollow noopener noreferrer\">http:\/\/www.schlag-auf-schau-nach.de<\/a><\/li>\n<li><strong>Mathe:<\/strong><br \/>\n<a class=\"urllink\" href=\"http:\/\/mauswiesel.bildung.hessen.de\/mathematik\/index.html\" target=\"_blank\" rel=\"nofollow noopener noreferrer\">http:\/\/mauswiesel.bildung.hessen.de\/mathematik\/index.html<\/a><br \/>\n<a class=\"urllink\" href=\"http:\/\/www.math.uni-frankfurt.de\/%7Eschreibe\/pr_wq_quader\/lehrer\/l_info.htm\" target=\"_blank\" rel=\"nofollow noopener noreferrer\">http:\/\/www.math.uni-frankfurt.de\/~schreibe\/pr_wq_quader\/lehrer\/l_info.htm<\/a><br \/>\n<a class=\"urllink\" href=\"http:\/\/www.math.uni-frankfurt.de\/%7Eschreibe\" target=\"_blank\" rel=\"nofollow noopener noreferrer\">http:\/\/www.math.uni-frankfurt.de\/~schreibe<\/a><\/li>\n<li><strong>Sachunterricht:<\/strong><br \/>\n<a class=\"urllink\" href=\"http:\/\/lernarchiv.bildung.hessen.de\/grundschule\/Sachunterricht\/index.html\" target=\"_blank\" rel=\"nofollow noopener noreferrer\">http:\/\/lernarchiv.bildung.hessen.de\/grundschule\/Sachunterricht\/index.html<\/a><br \/>\n<a class=\"urllink\" href=\"http:\/\/www.hamsterkiste.de\" target=\"_blank\" rel=\"nofollow noopener noreferrer\">http:\/\/www.hamsterkiste.de<\/a><br \/>\n<a class=\"urllink\" href=\"http:\/\/www.neunplaneten.de\/nineplanets\/nineplanets.html\" target=\"_blank\" rel=\"nofollow noopener noreferrer\">http:\/\/www.neunplaneten.de\/nineplanets\/nineplanets.html<\/a><br \/>\n<a class=\"urllink\" href=\"http:\/\/www.physikfuerkids.de\" target=\"_blank\" rel=\"nofollow noopener noreferrer\">http:\/\/www.physikfuerkids.de<\/a><br \/>\n<a class=\"urllink\" href=\"http:\/\/www.bauernhof.net\/index1.htm\" target=\"_blank\" rel=\"nofollow noopener noreferrer\">http:\/\/www.bauernhof.net\/index1.htm<\/a><br \/>\n<a class=\"urllink\" href=\"http:\/\/www.nawi-interaktiv.com\/\" target=\"_blank\" rel=\"nofollow noopener noreferrer\">http:\/\/www.nawi-interaktiv.com\/<\/a><\/li>\n<li><strong>Englisch:<\/strong><br \/>\n<a class=\"urllink\" href=\"http:\/\/mauswiesel.bildung.hessen.de\/englisch\/index.htm\" target=\"_blank\" rel=\"nofollow noopener noreferrer\">http:\/\/mauswiesel.bildung.hessen.de\/englisch\/index.htm<\/a><\/li>\n<li><strong>Musik::<\/strong><br \/>\n<a class=\"urllink\" href=\"http:\/\/mauswiesel.bildung.hessen.de\/kunst\/musik\/index.html\" target=\"_blank\" rel=\"nofollow noopener noreferrer\">http:\/\/mauswiesel.bildung.hessen.de\/kunst\/musik\/index.html<\/a><br \/>\n<a class=\"urllink\" href=\"http:\/\/www.junge-klassik.de\/\" target=\"_blank\" rel=\"nofollow noopener noreferrer\">http:\/\/www.junge-klassik.de\/<\/a><br \/>\n<a class=\"urllink\" href=\"http:\/\/www.bayerische.staatsoper.de\/data\/kinder_flash\/index.html\" target=\"_blank\" rel=\"nofollow noopener noreferrer\">http:\/\/www.bayerische.staatsoper.de\/data\/kinder_flash\/index.html<\/a><\/li>\n<li><strong>Kunst:<\/strong><br \/>\n<a class=\"urllink\" href=\"http:\/\/mauswiesel.bildung.hessen.de\/kunst\/kunst\/index.html\" target=\"_blank\" rel=\"nofollow noopener noreferrer\">http:\/\/mauswiesel.bildung.hessen.de\/kunst\/kunst\/index.html<\/a><\/li>\n<\/ul>\n<\/li>\n<\/ul>\n<\/li>\n<\/ul>\n<\/li>\n<\/ul>\n<\/li>\n<\/ul>\n<\/li>\n<\/ul>\n<p><strong><big>Materialien zur Mediensozialisation und f\u00fcr mehr Sicherheit im Netz<\/big><\/strong><\/p>\n<ul>\n<li style=\"list-style-type: none;\">\n<ul>\n<li style=\"list-style-type: none;\">\n<ul>\n<li style=\"list-style-type: none;\">\n<ul>\n<li style=\"list-style-type: none;\">\n<ul>\n<li style=\"list-style-type: none;\">\n<ul>\n<li><strong>Klicksafe<\/strong><br \/>\n<a class=\"urllink\" href=\"http:\/\/www.klicksafe.de\/\" target=\"_blank\" rel=\"nofollow noopener noreferrer\">http:\/\/www.klicksafe.de\/<\/a><\/li>\n<\/ul>\n<\/li>\n<\/ul>\n<\/li>\n<\/ul>\n<\/li>\n<\/ul>\n<\/li>\n<\/ul>\n<\/li>\n<\/ul>\n<p class=\"vspace\"><strong><big>Systeml\u00f6sungen &#8211; digitale Lernumgenungen f\u00fcr die Grundschule<\/big><\/strong><\/p>\n<ul>\n<li style=\"list-style-type: none;\">\n<ul>\n<li style=\"list-style-type: none;\">\n<ul>\n<li style=\"list-style-type: none;\">\n<ul>\n<li style=\"list-style-type: none;\">\n<ul>\n<li style=\"list-style-type: none;\">\n<ul>\n<li><a href=\"https:\/\/niedersachsen.cloud\/\" target=\"_blank\" rel=\"noopener noreferrer\"><strong>https:\/\/niedersachsen.cloud\/<\/strong><\/a><\/li>\n<li><strong>Iserv<\/strong><br \/>\n<a href=\"http:\/\/wordpress.nibis.de\/rknordwest\/files\/iserv.pdf\">iserv<\/a><\/li>\n<\/ul>\n<\/li>\n<\/ul>\n<\/li>\n<\/ul>\n<\/li>\n<\/ul>\n<\/li>\n<\/ul>\n<\/li>\n<\/ul>\n<p><strong><big>Rechtfreies Material aus dem Internet<\/big><\/strong><\/p>\n<ul>\n<li style=\"list-style-type: none;\">\n<ul>\n<li style=\"list-style-type: none;\">\n<ul>\n<li style=\"list-style-type: none;\">\n<ul>\n<li style=\"list-style-type: none;\">\n<ul>\n<li style=\"list-style-type: none;\">\n<ul>\n<li><strong>Freie Soundeffekte:<\/strong><br \/>\n<a class=\"urllink\" href=\"http:\/\/www.freesfx.co.uk\/\" target=\"_blank\" rel=\"nofollow noopener noreferrer\">http:\/\/www.freesfx.co.uk\/<\/a><\/li>\n<li><strong>Freie Musikst\u00fccke:<\/strong><br \/>\n<a class=\"urllink\" href=\"http:\/\/www.free-loops.com\/\" target=\"_blank\" rel=\"nofollow noopener noreferrer\">http:\/\/www.free-loops.com\/<\/a><\/li>\n<li><strong>Freie Bilder:<\/strong><br \/>\n<a class=\"urllink\" href=\"http:\/\/www.flickr.com\/search\/advanced\/?\" target=\"_blank\" rel=\"nofollow noopener noreferrer\">http:\/\/www.flickr.com\/search\/advanced\/?<\/a><br \/>\nH\u00e4kchen setzen bei: Nur in Inhalten mit einer Creative Commons-Lizenz suchen.<br \/>\n<a class=\"urllink\" href=\"http:\/\/de.wikipedia.org\/wiki\/Wikimedia_Commons\" target=\"_blank\" rel=\"nofollow noopener noreferrer\">http:\/\/de.wikipedia.org\/wiki\/Wikimedia_Commons<\/a><br \/>\n<a class=\"urllink\" href=\"http:\/\/www.bilderpool.at\/\" target=\"_blank\" rel=\"nofollow noopener noreferrer\">http:\/\/www.bilderpool.at\/<\/a><br \/>\nInformationen zum Begriff: Creative Commons (cc) finden sich unter:<br \/>\n<a class=\"urllink\" href=\"http:\/\/de.creativecommons.org\/was-ist-cc\/\" target=\"_blank\" rel=\"nofollow noopener noreferrer\">http:\/\/de.creativecommons.org\/was-ist-cc\/<\/a><\/li>\n<\/ul>\n<\/li>\n<\/ul>\n<\/li>\n<\/ul>\n<\/li>\n<\/ul>\n<\/li>\n<\/ul>\n<\/li>\n<\/ul>\n<p><em>(Sabine Meyer)<\/em><\/p>\n","protected":false},"excerpt":{"rendered":"<p>Lernpfade &#8211; Webquest &#8211; Interessantes Kleine Linkliste mit Lernpfaden , Webquests und anderen interessanten Seiten f\u00fcr die Grundschule f\u00e4cher\u00fcbergreifend: http:\/\/lernarchiv.bildung.hessen.de\/grundschule\/ Deutsch: http:\/\/mauswiesel.bildung.hessen.de\/deutsch\/index.html http:\/\/www.tipp10.de\/index.php http:\/\/www.schlag-auf-schau-nach.de Mathe: http:\/\/mauswiesel.bildung.hessen.de\/mathematik\/index.html http:\/\/www.math.uni-frankfurt.de\/~schreibe\/pr_wq_quader\/lehrer\/l_info.htm http:\/\/www.math.uni-frankfurt.de\/~schreibe Sachunterricht: http:\/\/lernarchiv.bildung.hessen.de\/grundschule\/Sachunterricht\/index.html http:\/\/www.hamsterkiste.de http:\/\/www.neunplaneten.de\/nineplanets\/nineplanets.html http:\/\/www.physikfuerkids.de http:\/\/www.bauernhof.net\/index1.htm http:\/\/www.nawi-interaktiv.com\/ Englisch: http:\/\/mauswiesel.bildung.hessen.de\/englisch\/index.htm Musik:: http:\/\/mauswiesel.bildung.hessen.de\/kunst\/musik\/index.html http:\/\/www.junge-klassik.de\/ http:\/\/www.bayerische.staatsoper.de\/data\/kinder_flash\/index.html Kunst: http:\/\/mauswiesel.bildung.hessen.de\/kunst\/kunst\/index.html Materialien zur Mediensozialisation und f\u00fcr mehr Sicherheit im Netz Klicksafe http:\/\/www.klicksafe.de\/ Systeml\u00f6sungen &hellip; <a href=\"https:\/\/kmz-wesermarsch.de\/index.php\/lernpfade-sicherheit-im-netz-systemloesungen\/\" class=\"more-link\">Weiterlesen <span class=\"screen-reader-text\">Lernpfade-Sicherheit im Netz-Systeml\u00f6sungen<\/span><\/a><\/p>\n","protected":false},"author":2,"featured_media":0,"parent":0,"menu_order":0,"comment_status":"closed","ping_status":"closed","template":"","meta":{"footnotes":""},"class_list":["post-328","page","type-page","status-publish","hentry","without-featured-image"],"_links":{"self":[{"href":"https:\/\/kmz-wesermarsch.de\/index.php\/wp-json\/wp\/v2\/pages\/328","targetHints":{"allow":["GET"]}}],"collection":[{"href":"https:\/\/kmz-wesermarsch.de\/index.php\/wp-json\/wp\/v2\/pages"}],"about":[{"href":"https:\/\/kmz-wesermarsch.de\/index.php\/wp-json\/wp\/v2\/types\/page"}],"author":[{"embeddable":true,"href":"https:\/\/kmz-wesermarsch.de\/index.php\/wp-json\/wp\/v2\/users\/2"}],"replies":[{"embeddable":true,"href":"https:\/\/kmz-wesermarsch.de\/index.php\/wp-json\/wp\/v2\/comments?post=328"}],"version-history":[{"count":2,"href":"https:\/\/kmz-wesermarsch.de\/index.php\/wp-json\/wp\/v2\/pages\/328\/revisions"}],"predecessor-version":[{"id":882,"href":"https:\/\/kmz-wesermarsch.de\/index.php\/wp-json\/wp\/v2\/pages\/328\/revisions\/882"}],"wp:attachment":[{"href":"https:\/\/kmz-wesermarsch.de\/index.php\/wp-json\/wp\/v2\/media?parent=328"}],"curies":[{"name":"wp","href":"https:\/\/api.w.org\/{rel}","templated":true}]}}