{"id":33,"date":"2017-05-10T12:02:56","date_gmt":"2017-05-10T10:02:56","guid":{"rendered":"http:\/\/kmz-wesermarsch.de\/wp\/?page_id=33"},"modified":"2018-08-09T14:28:03","modified_gmt":"2018-08-09T12:28:03","slug":"online-medien","status":"publish","type":"page","link":"https:\/\/kmz-wesermarsch.de\/index.php\/online-medien\/","title":{"rendered":"Online-Medien"},"content":{"rendered":"<h3><b>Merlin<\/b> erschlie\u00dft ein riesiges Angebot professionell erstellter, moderner Medien f\u00fcr den Unterricht.<\/h3>\n<h3>Medienressourcen f\u00fcr Lernen in Niedersachsen<\/h3>\n<p>F\u00fcr Lehrkr\u00e4fte gibt es einen Zugang zu den Medien des Merlin-Angebotes.<br \/>\nSie finden hier differenzierte M\u00f6glichkeiten der Medienrecherche und des Herunterladens bzw. des Livestreams.<\/p>\n<p>Zur Nutzung dieses Angebotes ben\u00f6tigen Sie die Zugangsdaten Ihrer Schule, die Ihnen Ihre Schulleitung bereitstellt.<\/p>\n<p>Bei Fragen oder Problemen beim Herunterladen wenden Sie sich an Ihre Medienzentren.<\/p>\n<p><a href=\"https:\/\/search.merlin.nibis.de\/suche.php\" target=\"_self\">Merlin &#8211; Medienressourcen f\u00fcr Lernen in Niedersachsen<\/a><\/p>\n<p><a href=\"https:\/\/search.merlin.nibis.de\/suche.php\"><img loading=\"lazy\" decoding=\"async\" class=\"size-full wp-image-82 alignleft\" src=\"https:\/\/kmz-wesermarsch.de\/wp\/wp-content\/uploads\/2016\/09\/merlin-1.jpg\" alt=\"\" width=\"200\" height=\"153\" \/><\/a><\/p>\n<p>&nbsp;<\/p>\n<p>&nbsp;<\/p>\n<p>&nbsp;<\/p>\n<p>&nbsp;<\/p>\n<p>&nbsp;<\/p>\n<p>&nbsp;<\/p>\n<iframe loading=\"lazy\"  id=\"_ytid_60666\"  width=\"620\" height=\"349\"  data-origwidth=\"620\" data-origheight=\"349\" src=\"https:\/\/www.youtube.com\/embed\/GvL42bStytQ?enablejsapi=1&autoplay=0&cc_load_policy=0&cc_lang_pref=&iv_load_policy=1&loop=0&rel=1&fs=1&playsinline=0&autohide=2&theme=dark&color=red&controls=1&disablekb=0&\" class=\"__youtube_prefs__  no-lazyload\" title=\"YouTube player\"  allow=\"fullscreen; accelerometer; autoplay; clipboard-write; encrypted-media; gyroscope; picture-in-picture; web-share\" referrerpolicy=\"strict-origin-when-cross-origin\" allowfullscreen data-no-lazy=\"1\" data-skipgform_ajax_framebjll=\"\"><\/iframe>\n","protected":false},"excerpt":{"rendered":"<p>Merlin erschlie\u00dft ein riesiges Angebot professionell erstellter, moderner Medien f\u00fcr den Unterricht. Medienressourcen f\u00fcr Lernen in Niedersachsen F\u00fcr Lehrkr\u00e4fte gibt es einen Zugang zu den Medien des Merlin-Angebotes. Sie finden hier differenzierte M\u00f6glichkeiten der Medienrecherche und des Herunterladens bzw. des Livestreams. Zur Nutzung dieses Angebotes ben\u00f6tigen Sie die Zugangsdaten Ihrer Schule, die Ihnen Ihre Schulleitung &hellip; <a href=\"https:\/\/kmz-wesermarsch.de\/index.php\/online-medien\/\" class=\"more-link\">Weiterlesen <span class=\"screen-reader-text\">Online-Medien<\/span><\/a><\/p>\n","protected":false},"author":2,"featured_media":0,"parent":0,"menu_order":0,"comment_status":"closed","ping_status":"closed","template":"","meta":{"footnotes":""},"class_list":["post-33","page","type-page","status-publish","hentry","without-featured-image"],"_links":{"self":[{"href":"https:\/\/kmz-wesermarsch.de\/index.php\/wp-json\/wp\/v2\/pages\/33","targetHints":{"allow":["GET"]}}],"collection":[{"href":"https:\/\/kmz-wesermarsch.de\/index.php\/wp-json\/wp\/v2\/pages"}],"about":[{"href":"https:\/\/kmz-wesermarsch.de\/index.php\/wp-json\/wp\/v2\/types\/page"}],"author":[{"embeddable":true,"href":"https:\/\/kmz-wesermarsch.de\/index.php\/wp-json\/wp\/v2\/users\/2"}],"replies":[{"embeddable":true,"href":"https:\/\/kmz-wesermarsch.de\/index.php\/wp-json\/wp\/v2\/comments?post=33"}],"version-history":[{"count":6,"href":"https:\/\/kmz-wesermarsch.de\/index.php\/wp-json\/wp\/v2\/pages\/33\/revisions"}],"predecessor-version":[{"id":374,"href":"https:\/\/kmz-wesermarsch.de\/index.php\/wp-json\/wp\/v2\/pages\/33\/revisions\/374"}],"wp:attachment":[{"href":"https:\/\/kmz-wesermarsch.de\/index.php\/wp-json\/wp\/v2\/media?parent=33"}],"curies":[{"name":"wp","href":"https:\/\/api.w.org\/{rel}","templated":true}]}}