{"id":333,"date":"2018-04-25T16:31:03","date_gmt":"2018-04-25T14:31:03","guid":{"rendered":"http:\/\/kmz-wesermarsch.de\/?page_id=333"},"modified":"2018-04-25T16:42:50","modified_gmt":"2018-04-25T14:42:50","slug":"tipps-und-medienprojekte","status":"publish","type":"page","link":"https:\/\/kmz-wesermarsch.de\/index.php\/tipps-und-medienprojekte\/","title":{"rendered":"Tipps und Medienprojekte"},"content":{"rendered":"<p><strong>Unterricht mit Materialkisten<\/strong><\/p>\n<p class=\"vspace\">Handlungsmaterialien sind die zentralen Medien f\u00fcr die Grundschule. Viele Medienzentren verleihen Materialkisten mit themenbezogenen Zusammenstellungen von Handlungsmaterialien f\u00fcr die Hand der Sch\u00fcler sowie CD-Rom&#8217;s, DVD&#8217;s, B\u00fccher etc. N\u00e4here Informationen finden sich hier: Unterricht mit der <a href=\"http:\/\/wordpress.nibis.de\/rknordwest\/files\/Hebelkiste1a.pdf\">Hebelkiste<\/a>.<\/p>\n<p class=\"vspace\"><img loading=\"lazy\" decoding=\"async\" class=\"alignnone wp-image-337\" src=\"https:\/\/kmz-wesermarsch.de\/wp-content\/uploads\/2018\/04\/Hebelk1-300x131.jpg\" alt=\"\" width=\"545\" height=\"238\" srcset=\"https:\/\/kmz-wesermarsch.de\/wp-content\/uploads\/2018\/04\/Hebelk1-300x131.jpg 300w, https:\/\/kmz-wesermarsch.de\/wp-content\/uploads\/2018\/04\/Hebelk1-768x336.jpg 768w, https:\/\/kmz-wesermarsch.de\/wp-content\/uploads\/2018\/04\/Hebelk1.jpg 1024w\" sizes=\"auto, (max-width: 545px) 100vw, 545px\" \/><\/p>\n<ul>\n<li class=\"vspace\"><strong>Tablet-Computer im Unterricht<\/strong><br \/>\n<a class=\"urllink\" href=\"http:\/\/www.eichenwallipad.de\/\" target=\"_blank\" rel=\"nofollow noopener noreferrer\">IPad-AG der Eichenwallschule<\/a>\u00a0 \u00a0<a href=\"https:\/\/moodle.phst.at\/course\/view.php?id=26\" target=\"_blank\" rel=\"noopener noreferrer\">IPad Apps f\u00fcr die Primarstufe<\/a><\/li>\n<\/ul>\n<p class=\"vspace\"><strong><big>M\u00f6glichkeiten, Tipps und Links f\u00fcr Medienprojekte<\/big><\/strong><\/p>\n<ul>\n<li style=\"list-style-type: none;\">\n<ul>\n<li><strong>Trickfotos<\/strong>\n<ul>\n<li>Hier kann man sich Unterst\u00fctzung direkt in den Unterricht holen: siehe<br \/>\n<a class=\"urllink\" href=\"http:\/\/www.multimediamobile.de\/gsprojekt_trickfoto_nienbu_mmm_m.html\" target=\"_blank\" rel=\"nofollow noopener noreferrer\">http:\/\/www.multimediamobile.de\/gsprojekt_trickfoto_nienbu_mmm_m.html<\/a><\/li>\n<\/ul>\n<\/li>\n<li><strong>Trickfilm<\/strong>\n<ul>\n<li>Tipps f\u00fcr den ersten Einstieg, kleine Beispielfilme aus der Schule etc. finden sich hier:<br \/>\n<a class=\"urllink\" href=\"http:\/\/www.trickfilmchen.de\" target=\"_blank\" rel=\"nofollow noopener noreferrer\">http:\/\/www.trickfilmchen.de<\/a><\/li>\n<\/ul>\n<\/li>\n<li><strong>Comic- und Animationsfilme programmieren<\/strong>\n<ul>\n<li>Das freeware-Programm Scratch ist eine leicht zu bedienende Programmiersprache, mit der auch bereits Grundsch\u00fcler Animationen, interaktive Geschichten und Computerspiele spielerisch und einfach gestalten k\u00f6nnen.<br \/>\nBeispielfilme und weitere Infos z.B. f\u00fcr den Einsatz des Programmes im Kunstunterricht finden sich unter:<br \/>\n<a class=\"urllink\" href=\"https:\/\/scratch.mit.edu\/\" target=\"_blank\" rel=\"nofollow noopener noreferrer\">scratch<\/a><\/li>\n<\/ul>\n<\/li>\n<li><strong>Robotik in der Grundschule<\/strong>\n<ul>\n<li style=\"list-style-type: none;\">\n<ul>\n<li style=\"list-style-type: none;\">\n<ul>\n<li>\u201eLEGO-WeDo\u201c versteht sich als Robotik- Lernkonzept f\u00fcr den Einsatz in der Grundschule. Die Kinder konstruieren zu Problemstellungen kleine durch Motoren und Sensoren steuerbare Figuren und Modelle, die sie dann \u00fcber eine sehr einfache und intuitive graphische Programmiersoftware mit Hilfe des PC selbst programmieren k\u00f6nnen. Dabei k\u00f6nnen sie anfangs nach einer computeranimierten Bauvorlage vorgehen, in der Folge aber auch eigene Ideen und Entw\u00fcrfe umsetzen und programmieren.<br \/>\nDer Computer wird hier von den Kindern neben seinen sonst \u00fcblichen Funktionen aus einem neuen Blickwinkel erlebt: Der Computer als technisches Handwerkszeug f\u00fcr die Erreichung von Funktionen, die von gebauten Figuren und Modellen zielgerichtet ausgef\u00fchrt werden sollen.<\/li>\n<\/ul>\n<\/li>\n<\/ul>\n<\/li>\n<\/ul>\n<\/li>\n<\/ul>\n<\/li>\n<\/ul>\n<p><em>(Sabine Meyer\/Claudia Stieve)<\/em><\/p>\n","protected":false},"excerpt":{"rendered":"<p>Unterricht mit Materialkisten Handlungsmaterialien sind die zentralen Medien f\u00fcr die Grundschule. Viele Medienzentren verleihen Materialkisten mit themenbezogenen Zusammenstellungen von Handlungsmaterialien f\u00fcr die Hand der Sch\u00fcler sowie CD-Rom&#8217;s, DVD&#8217;s, B\u00fccher etc. N\u00e4here Informationen finden sich hier: Unterricht mit der Hebelkiste. Tablet-Computer im Unterricht IPad-AG der Eichenwallschule\u00a0 \u00a0IPad Apps f\u00fcr die Primarstufe M\u00f6glichkeiten, Tipps und Links f\u00fcr &hellip; <a href=\"https:\/\/kmz-wesermarsch.de\/index.php\/tipps-und-medienprojekte\/\" class=\"more-link\">Weiterlesen <span class=\"screen-reader-text\">Tipps und Medienprojekte<\/span><\/a><\/p>\n","protected":false},"author":2,"featured_media":0,"parent":0,"menu_order":0,"comment_status":"closed","ping_status":"closed","template":"","meta":{"footnotes":""},"class_list":["post-333","page","type-page","status-publish","hentry","without-featured-image"],"_links":{"self":[{"href":"https:\/\/kmz-wesermarsch.de\/index.php\/wp-json\/wp\/v2\/pages\/333","targetHints":{"allow":["GET"]}}],"collection":[{"href":"https:\/\/kmz-wesermarsch.de\/index.php\/wp-json\/wp\/v2\/pages"}],"about":[{"href":"https:\/\/kmz-wesermarsch.de\/index.php\/wp-json\/wp\/v2\/types\/page"}],"author":[{"embeddable":true,"href":"https:\/\/kmz-wesermarsch.de\/index.php\/wp-json\/wp\/v2\/users\/2"}],"replies":[{"embeddable":true,"href":"https:\/\/kmz-wesermarsch.de\/index.php\/wp-json\/wp\/v2\/comments?post=333"}],"version-history":[{"count":5,"href":"https:\/\/kmz-wesermarsch.de\/index.php\/wp-json\/wp\/v2\/pages\/333\/revisions"}],"predecessor-version":[{"id":2772,"href":"https:\/\/kmz-wesermarsch.de\/index.php\/wp-json\/wp\/v2\/pages\/333\/revisions\/2772"}],"wp:attachment":[{"href":"https:\/\/kmz-wesermarsch.de\/index.php\/wp-json\/wp\/v2\/media?parent=333"}],"curies":[{"name":"wp","href":"https:\/\/api.w.org\/{rel}","templated":true}]}}