{"id":684,"date":"2020-04-13T12:47:09","date_gmt":"2020-04-13T10:47:09","guid":{"rendered":"http:\/\/kmz-wesermarsch.de\/?page_id=684"},"modified":"2020-04-13T12:54:51","modified_gmt":"2020-04-13T10:54:51","slug":"medienentwicklungsplan","status":"publish","type":"page","link":"https:\/\/kmz-wesermarsch.de\/index.php\/medienentwicklungsplan\/","title":{"rendered":"Medienentwicklungsplan"},"content":{"rendered":"\n<p>Diese Seite stellt eine Materialsammlung zur Information  zur Medienentwicklungsplanung (MEP) von  Schultr\u00e4gern dar.<\/p>\n\n\n\n<h4 class=\"wp-block-heading\">Allgemeine Grundlagen f\u00fcr MEP\/MBK<\/h4>\n\n\n\n<p><a href=\"https:\/\/www.digitalpaktschule.de\/?utm_source=hootsuite\" target=\"_blank\" rel=\"noreferrer noopener\">DigitalPakt Schule<\/a> \u2013 Bundesministerium f\u00fcr Bildung und Forschung<\/p>\n\n\n\n<p><a href=\"https:\/\/www.mk.niedersachsen.de\/download\/143379\/Factsheet_Digitalpakt.pdf\" target=\"_blank\" rel=\"noreferrer noopener\">DigitalPakt Factsheet<\/a> \u2013 Nieders\u00e4chsisches Kultusministerium<\/p>\n\n\n\n<figure class=\"wp-block-image\"><img decoding=\"async\" src=\"https:\/\/lh5.googleusercontent.com\/DKK3I4Ooi4B_LlRhI_i8DxDqkWBE7BQ92cRR_2fByB3Bj3Nr01VBJwIefIT4C26cwzXr05U9YtnT5_PpK9pIO51pZ3YmOh_g6lw=w857-h949-nu-e365\" alt=\"\"\/><figcaption>Mit freundlicher Genehmigung von Christian Schl\u00f6ndorf (Fachbereichsleitung Medienberatung\/NLQ)<\/figcaption><\/figure>\n\n\n\n<p><a href=\"https:\/\/digitaleschule.niedersachsen.de\/startseite\/\" target=\"_blank\" rel=\"noreferrer noopener\">Aktuelle Informationen zum DigitalPakt<\/a> \u2013 Nds. Kultusministerium<\/p>\n\n\n\n<p><a href=\"https:\/\/www.medienkompetenz-niedersachsen.de\/fileadmin\/bilder\/allg\/Konzept_Medienkompetenz_Niedersachsen_2016_06_24_.pdf\" target=\"_blank\" rel=\"noreferrer noopener\">Medienkompetenz in Niedersachsen Ziellinie 2020<\/a> \u2013 Nieders\u00e4chsische Staatskanzlei<\/p>\n\n\n\n<p><a href=\"https:\/\/www.kmk.org\/fileadmin\/Dateien\/veroeffentlichungen_beschluesse\/2018\/Strategie_Bildung_in_der_digitalen_Welt_idF._vom_07.12.2017.pdf\">Bildung in der digitalen Welt <\/a>\u2013 Kultusministerkonferenz<\/p>\n\n\n\n<p><a href=\"https:\/\/www.nibis.de\/uploads\/nlq-proksza\/Orientierungsrahmen_Medienbildung_Niedersachsen.pdf\" target=\"_blank\" rel=\"noreferrer noopener\">Orientierungsrahmen Medienbildung<\/a> \u2013 Nieders\u00e4chsisches Kultusministerium<\/p>\n\n\n\n<p><a href=\"https:\/\/www.bmbf.de\/files\/VV_DigitalPaktSchule_Web.pdf\" target=\"_blank\" rel=\"noreferrer noopener\">Verwaltungsvereinbarung DigitalPakt Schule<\/a> \u2013 Bund-L\u00e4nder-Vereinbarung<\/p>\n\n\n\n<p><a href=\"http:\/\/www.voris.niedersachsen.de\/jportal\/?quelle=jlink&amp;query=VVND-224100-MK-20190808-SF&amp;psml=bsvorisprod.psml&amp;max=true\" target=\"_blank\" rel=\"noreferrer noopener\">Richtlinie \u00fcber die Gew\u00e4hrung von Zuwendunge<\/a>n \u2013 RdErl. d. MK v. 8.8.2019 \u2013 54-800009-01-1.1 (VORIS 22410)<\/p>\n\n\n\n<p><a href=\"https:\/\/wordpress.nibis.de\/kmzfri\/files\/2020\/04\/ErlassNLSchB_Regelung2.6_beiSchulschlie\u00dfungen_DigitalPaktSchule.pdf\" target=\"_blank\" rel=\"noreferrer noopener\">Corona-bedinge \u00c4nderung der F\u00f6rderung von mobilen Endger\u00e4ten<\/a> \u2013 Nds. Landesschulbeh\u00f6rde Fachteam DigitalPakt Schule<\/p>\n\n\n\n<h4 class=\"wp-block-heading\">Spezieller Informationsteil f\u00fcr MEP<\/h4>\n\n\n\n<p><a href=\"https:\/\/www.bsi.bund.de\/SharedDocs\/Downloads\/DE\/BSI\/Mindeststandards\/Mindeststandard_Mobile-Device-Management.pdf?__blob=publicationFile&amp;v=7\" target=\"_blank\" rel=\"noreferrer noopener\">Mindeststandards des BSI f\u00fcr Mobile Device Management<\/a> -Bundesamt f\u00fcr Sicherheit in der Informationstechnik<\/p>\n\n\n\n<p><a href=\"https:\/\/www.mk.niedersachsen.de\/startseite\/aktuelles\/anhorungsverfahren\/anhorung-erlass-nutzung-mobiler-endgerate-in-prufungssituationen-184795.html\" target=\"_blank\" rel=\"noreferrer noopener\">Anh\u00f6rung Erlass \u201eNutzung mobiler Endger\u00e4te in Pr\u00fcfungssituationen\u201c <\/a>\u2013 Erlassentwurf<br><\/p>\n\n\n\n<p><a href=\"https:\/\/medienberatung.nline.nibis.de\/beraterdatenbank\/\" target=\"_blank\" rel=\"noreferrer noopener\">Unterst\u00fctzung durch die Medienp\u00e4dagogische Beratung<\/a> \u2013 NLQ<\/p>\n\n\n\n<p><a rel=\"noreferrer noopener\" href=\"https:\/\/wordpress.nibis.de\/kmzfri\/files\/2020\/04\/M\u00f6gliche-MEP-Gliederung.pdf\" target=\"_blank\">M\u00f6gliche Gliederung eines Medienentwicklungsplans<\/a><\/p>\n\n\n\n<p><a href=\"https:\/\/www.mzclp.de\/wp-content\/uploads\/2018\/01\/MEP_CLP_LK_2016.pdf\" target=\"_blank\" rel=\"noreferrer noopener\" aria-label=\"Beispiel f\u00fcr einen Medienentwicklungsplan aus Cloppenburg (\u00f6ffnet in neuem Tab)\">Beispiel f\u00fcr einen Medienentwicklungsplan aus Cloppenburg<\/a><\/p>\n\n\n\n<p><a href=\"https:\/\/medien-bildung.info\/wp-content\/uploads\/2019\/06\/NRW-Medienbildungskonzept-Leitfaden-1.pdf\" target=\"_blank\" rel=\"noreferrer noopener\">MEP-Orientierungshilfe f\u00fcr Schultr\u00e4ger<\/a> \u2013 e-nitiative.nrw<\/p>\n\n\n\n<p><a href=\"https:\/\/www.medienberatung.schulministerium.nrw.de\/_Medienberatung-NRW\/Publikationen\/Broschuere_Medienentwicklungsplanung_NRW_ES_final.pdf\" target=\"_blank\" rel=\"noreferrer noopener\">MEP-Orientierungshilfe f\u00fcr Schultr\u00e4ger <\/a>\u2013 Medienberatung NRW<\/p>\n\n\n\n<p><a href=\"https:\/\/www.schleswig-holstein.de\/DE\/Landesregierung\/IQSH\/Publikationen\/PDFDownloads\/ITMedien\/Downloads\/kommunaleMedienentwicklungsplanung.pdf;jsessionid=22545F3070098554298A668976FBA562.delivery2-master?__blob=publicationFile&amp;v=1\" target=\"_blank\" rel=\"noreferrer noopener\">Handreichung Kommunale Medienentwicklungsplanung <\/a>\u2013 Institut f\u00fcr Qualit\u00e4tsentwicklung an Schulen Schleswig-Holstein (IQSH)<br><\/p>\n\n\n\n<p><a href=\"https:\/\/www.nibis.de\/uploads\/nlq-riedl\/medienportal\/mobiles_lernen\/Erste_Schritte_zur_Administration_mobiler_Endgeraete_in_der_Schule_2020-02-06.pdf\" target=\"_blank\" rel=\"noreferrer noopener\">Erste Schritte zur Administration mobiler Endger\u00e4te in Schule<\/a> \u2013 NLQ<\/p>\n\n\n\n<p><a href=\"https:\/\/www.navo.niedersachsen.de\/navo2\/portal\/desktop\/0\/login\" target=\"_blank\" rel=\"noreferrer noopener\">Zum Antragsverfahren DigitalPakt \u2013 N-DiPS<\/a> \u2013 Plattform GovOS<\/p>\n\n\n\n<p><a href=\"https:\/\/wordpress.nibis.de\/kmzfri\/files\/2020\/04\/Antrag.pdf\" target=\"_blank\" rel=\"noreferrer noopener\">Antrags\u00fcbersicht:  Antrag durch Schultr\u00e4ger nach \u00a7 3.1 VV<\/a> \u2013 NDiPS<\/p>\n\n\n\n<p><a href=\"https:\/\/wordpress.nibis.de\/kmzfri\/files\/2020\/04\/Antragsformular.pdf\" target=\"_blank\" rel=\"noreferrer noopener\">Antrags\u00fcbersicht: Konzept \u00fcber Sicherstellung von Betrieb, Wartung und IT-Support<\/a> \u2013 NDiPS<\/p>\n\n\n\n<h4 class=\"wp-block-heading\">spezielle Fragen <\/h4>\n\n\n\n<p>Im Nachfolgenden sind viele Fragen nach der F\u00f6rderf\u00e4higkeit mit <strong>\u201eeventuell f\u00f6rderf\u00e4hig\u201c<\/strong>\n beantwortet. Hier kommt es insbesondere auf die entsprechende \nkonzeptionelle Beschreibung im Medienbildungskonzept der Schule an, die \nf\u00fcr die Antragstellung \u00fcbernommen werden kann.<\/p>\n\n\n\n<p>Sind <strong><a href=\"https:\/\/schul-internetradio.org\/aktuelles\/news-ansicht\/?tx_news_pi1%5Bnews%5D=792&amp;cHash=5c8aa191b23e1f9094c4fbe68439f636\" target=\"_blank\" rel=\"noreferrer noopener\">Digitalrekorder f\u00f6rderf\u00e4hig<\/a>?<\/strong> \u2013 Digitalrekorder sind unter Punkt 2.5 &nbsp;f\u00f6rderf\u00e4hig. <strong>Wichtige Voraussetzung <\/strong>dabei\n ist, dass der Einsatz der Ger\u00e4te bei Antragstellung durch den \nSchultr\u00e4ger aufgelistet und im p\u00e4dagogisch-technischen \nAnforderungsprofil (siehe F\u00f6rderrichtlinie &gt; \nZuwendungsvoraussetzungen Punkt 4.3) konkret beschrieben wird.<\/p>\n\n\n\n<p>Sind<strong> Backbone-Knoten <\/strong>f\u00f6rderf\u00e4hig? Backbone-Knoten sind eventuell im Rahmen eines Antrags unter Punkt 2.1 f\u00f6rderf\u00e4hig.<\/p>\n\n\n\n<p>Ist <strong>virtuelle Hosts-Hardware<\/strong> f\u00f6rderf\u00e4hig? <br>Ist \nvirtuelle Hosts- Software f\u00f6rderf\u00e4hig: \u2013 Virtuelle Hosts-Software sind \neventuell im Rahmen eines Antrags unter Punkt 2.3 f\u00f6rderf\u00e4hig.<\/p>\n\n\n\n<p>Ist <strong>Gatewaytechnik<\/strong> f\u00f6rderf\u00e4hig? Gatewaytechnik ist eventuell im Rahmen eines Antrags unter Punkt 2.1 f\u00f6rderf\u00e4hig.<\/p>\n\n\n\n<p>Sind <strong>Speichersysteme f\u00fcr Datensicherung <\/strong>f\u00f6rderf\u00e4hig? Speichersysteme f\u00fcr Datensicherung sind eventuell im Rahmen eines f\u00f6rderf\u00e4higen Antrags unter 2.3 f\u00f6rderf\u00e4hig.<\/p>\n\n\n\n<p>Ist <strong>Antivirus-Software<\/strong> f\u00f6rderf\u00e4hig?  Antivirus-Software eventuell im Rahmen eines f\u00f6rderf\u00e4higen Antrags unter 2.3 f\u00f6rderf\u00e4hig.<\/p>\n\n\n\n<p>Sind <strong>Desktopmanagement- \/Clientmanagementsysteme <\/strong>f\u00f6rderf\u00e4hig? Nein, es ist derzeit nicht davon auszugehen, dass Desktopmanagement- \/Clientmanagementsysteme f\u00f6rderf\u00e4hig sind.<\/p>\n\n\n\n<p>Sind <strong>Microsoft-Serverlizenzen<\/strong> f\u00f6rderf\u00e4hig? Microsoft-Serverlizenzen eventuell im Rahmen eines f\u00f6rderf\u00e4higen Antrags unter 2.3 f\u00f6rderf\u00e4hig.<\/p>\n\n\n\n<p><br>Sind <strong>Tintenstrahldrucker<\/strong> f\u00f6rderf\u00e4hig? \nTntenstrahldrucker sind eventuell als Peripherie im Rahmen eines \nf\u00f6rderf\u00e4higen Antrags zu 2.4 oder 2.5 f\u00f6rderf\u00e4hig.<\/p>\n\n\n\n<p><br>Ist <strong>Schulserver-Hardware <\/strong>f\u00f6rderf\u00e4hig? Schulserver-Hardware ist eventuell im Rahmen eines f\u00f6rderf\u00e4higen Antrags zu 2.3 f\u00f6rderf\u00e4hig.<\/p>\n\n\n\n<h4 class=\"wp-block-heading\"><strong>basale rechtliche Grundlagen \u2013  Schultr\u00e4gerschaft<\/strong><\/h4>\n\n\n\n<p><a href=\"https:\/\/www.gesetze-im-internet.de\/gg\/art_28.html\" target=\"_blank\" rel=\"noreferrer noopener\">Grundgesetz Art 28  (2)<\/a>\u2013 <em><strong>Angelegenheiten in eigener Verantwortung<\/strong>,<\/em> <strong>R<\/strong><em><strong>echt der Selbstverwaltung<\/strong><\/em> und <em><strong>finanziellen Eigenverantwortung<\/strong><\/em><\/p>\n\n\n\n<p><a href=\"http:\/\/www.nds-voris.de\/jportal\/?quelle=jlink&amp;psml=bsvorisprod.psml&amp;feed=bsvoris-lr&amp;docid=jlr-KomVerfGNDV1P1\" target=\"_blank\" rel=\"noreferrer noopener\">NKomVG  \u00a71 (Selbstverwaltung)<\/a> \u2013 <em><strong>Angelegenheiten in eigener Verantwortung <\/strong><\/em>und <strong><em>Wohl der Einwohnerinnen und Einwohner f\u00f6rdern<\/em><\/strong><\/p>\n\n\n\n<p><a href=\"http:\/\/www.nds-voris.de\/jportal\/portal\/t\/s8o\/page\/bsvorisprod.psml\/action\/portlets.jw.MainAction?p1=6&amp;eventSubmit_doNavigate=searchInSubtreeTOC&amp;showdoccase=1&amp;doc.hl=0&amp;doc.id=jlr-KomVerfGNDV1P4&amp;doc.part=S&amp;toc.poskey=#focuspoint\" target=\"_blank\" rel=\"noreferrer noopener\">NKomVG  \u00a74 (Aufgabenerf\u00fcllung der Kommunen)<\/a> \u2013 <strong><em>Bereitstellung sozialen, kulturellen \u00f6ffentlichen Einrichtungen <\/em><\/strong><\/p>\n\n\n\n<p><a href=\"http:\/\/www.nds-voris.de\/jportal\/portal\/t\/s8r\/page\/bsvorisprod.psml\/action\/portlets.jw.MainAction?p1=9&amp;eventSubmit_doNavigate=searchInSubtreeTOC&amp;showdoccase=1&amp;doc.hl=0&amp;doc.id=jlr-KomVerfGNDV1P7&amp;doc.part=S&amp;toc.poskey=#focuspoint\" target=\"_blank\" rel=\"noreferrer noopener\">NKomVG \u00a77 (Organe der Kommunen)<\/a> \u2013 <strong><em>Vertretung, Hauptausschuss und Hauptverwaltungsbeamte\/in<\/em><\/strong><\/p>\n\n\n\n<p><a href=\"http:\/\/www.nds-voris.de\/jportal\/portal\/t\/upr\/page\/bsvorisprod.psml\/action\/portlets.jw.MainAction?p1=3l&amp;eventSubmit_doNavigate=searchInSubtreeTOC&amp;showdoccase=1&amp;doc.hl=0&amp;doc.id=jlr-KomVerfGNDV15P112&amp;doc.part=S&amp;toc.poskey=#focuspoint\" target=\"_blank\" rel=\"noreferrer noopener\">NKomVG \u00a7112 (Haushaltssatzung)<\/a> \u2013 <strong><em>Haushaltsplan, Ergbnishaushalt und Finanzhaushalt<\/em><\/strong><\/p>\n\n\n\n<p><a href=\"http:\/\/www.nds-voris.de\/jportal\/portal\/t\/v7y\/page\/bsvorisprod.psml\/action\/portlets.jw.MainAction?p1=3u&amp;eventSubmit_doNavigate=searchInSubtreeTOC&amp;showdoccase=1&amp;doc.hl=0&amp;doc.id=jlr-SchulGNDV45P102&amp;doc.part=S&amp;toc.poskey=#focuspoint\" target=\"_blank\" rel=\"noreferrer noopener\">NSchG \u00a7 102 (Schultr\u00e4ger)<\/a> \u2013 Gemeinden, Samtgeeinden, Landkreise und kreisfreien St\u00e4dte<\/p>\n\n\n\n<p><a href=\"http:\/\/www.nds-voris.de\/jportal\/portal\/t\/uza\/page\/bsvorisprod.psml\/action\/portlets.jw.MainAction?p1=40&amp;eventSubmit_doNavigate=searchInSubtreeTOC&amp;showdoccase=1&amp;doc.hl=0&amp;doc.id=jlr-SchulGNDpP108&amp;doc.part=S&amp;toc.poskey=#focuspoint\" target=\"_blank\" rel=\"noreferrer noopener\">NSchG \u00a7 108 (Schulanlagen und Ausstattung der Schule)<\/a> \u2013 <strong><em>Ausstattung und Versorgung ihrer Schulen mit audiovisuellen Medien<\/em><\/strong> und <strong><em>betrauen einer Fachkraft<\/em><\/strong><\/p>\n","protected":false},"excerpt":{"rendered":"<p>Diese Seite stellt eine Materialsammlung zur Information zur Medienentwicklungsplanung (MEP) von Schultr\u00e4gern dar. Allgemeine Grundlagen f\u00fcr MEP\/MBK DigitalPakt Schule \u2013 Bundesministerium f\u00fcr Bildung und Forschung DigitalPakt Factsheet \u2013 Nieders\u00e4chsisches Kultusministerium Aktuelle Informationen zum DigitalPakt \u2013 Nds. Kultusministerium Medienkompetenz in Niedersachsen Ziellinie 2020 \u2013 Nieders\u00e4chsische Staatskanzlei Bildung in der digitalen Welt \u2013 Kultusministerkonferenz Orientierungsrahmen Medienbildung \u2013 &hellip; <a href=\"https:\/\/kmz-wesermarsch.de\/index.php\/medienentwicklungsplan\/\" class=\"more-link\">Weiterlesen <span class=\"screen-reader-text\">Medienentwicklungsplan<\/span><\/a><\/p>\n","protected":false},"author":2,"featured_media":0,"parent":0,"menu_order":0,"comment_status":"closed","ping_status":"closed","template":"","meta":{"footnotes":""},"class_list":["post-684","page","type-page","status-publish","hentry","without-featured-image"],"_links":{"self":[{"href":"https:\/\/kmz-wesermarsch.de\/index.php\/wp-json\/wp\/v2\/pages\/684","targetHints":{"allow":["GET"]}}],"collection":[{"href":"https:\/\/kmz-wesermarsch.de\/index.php\/wp-json\/wp\/v2\/pages"}],"about":[{"href":"https:\/\/kmz-wesermarsch.de\/index.php\/wp-json\/wp\/v2\/types\/page"}],"author":[{"embeddable":true,"href":"https:\/\/kmz-wesermarsch.de\/index.php\/wp-json\/wp\/v2\/users\/2"}],"replies":[{"embeddable":true,"href":"https:\/\/kmz-wesermarsch.de\/index.php\/wp-json\/wp\/v2\/comments?post=684"}],"version-history":[{"count":1,"href":"https:\/\/kmz-wesermarsch.de\/index.php\/wp-json\/wp\/v2\/pages\/684\/revisions"}],"predecessor-version":[{"id":686,"href":"https:\/\/kmz-wesermarsch.de\/index.php\/wp-json\/wp\/v2\/pages\/684\/revisions\/686"}],"wp:attachment":[{"href":"https:\/\/kmz-wesermarsch.de\/index.php\/wp-json\/wp\/v2\/media?parent=684"}],"curies":[{"name":"wp","href":"https:\/\/api.w.org\/{rel}","templated":true}]}}